{"id":1419,"date":"2011-03-19T15:42:30","date_gmt":"2011-03-19T15:42:30","guid":{"rendered":"http:\/\/www.thepikaclub.co.uk\/wp\/?page_id=1419"},"modified":"2022-04-10T11:56:06","modified_gmt":"2022-04-10T11:56:06","slug":"legendary-pokemon","status":"publish","type":"page","link":"http:\/\/thepikaclub.co.uk\/wp\/game-guides\/blackwhite\/legendary-pokemon\/","title":{"rendered":"Legendary Pok\u00e9mon"},"content":{"rendered":"<p><center><img decoding=\"async\" src=\"http:\/\/www.thepikaclub.co.uk\/bw\/images\/legendarymap.png\" usemap=\"#legends\"><\/center><\/p>\n<map name=\"legends\">\n<area shape=\"rect\" coords=\"62,136,82,156\" href=\"#Victini\">\n<area shape=\"rect\" coords=\"62,62,82,82\" href=\"#Cobalion\">\n<area shape=\"rect\" coords=\"46,13,85,36\" href=\"#ReshZek\">\n<area shape=\"rect\" coords=\"145,18,171,34\" href=\"#Terrakion\">\n<area shape=\"rect\" coords=\"182,61,210,82\" href=\"#Landorus\">\n<area shape=\"rect\" coords=\"183,20,213,36\" href=\"#Kyurem\">\n<area shape=\"rect\" coords=\"180,118,204,139\" href=\"#Virizion\">\n<\/map>\n<p>This list contains all the legendary Pok\u00e9mon available for capture in Pok\u00e9mon Black\/White. Legendary Pok\u00e9mon that are currently unavailable for capture are not listed here. Click on a Pok\u00e9mon above to be taken to more information about it or scroll down below. Two Pok\u00e9mon are not included on the map above as they are roaming Pok\u00e9mon. They are <a href=\"#Tornadus\">Tornadus<\/a> and <a href=\"#Thundurus\">Thundurus<\/a>.<\/p>\n<table border=\"0\" width=\"100%\" height=\"100%\">\n<tbody>\n<tr>\n<th colspan=\"3\"><b>#000 <img decoding=\"async\" src=\"http:\/\/www.thepikaclub.co.uk\/dex\/images\/pokemon\/icon\/Victini.gif\"> Victini<\/b><\/th>\n<\/tr>\n<tr>\n<th width=\"25%\">Name<\/th>\n<th width=\"25%\">Location<\/th>\n<th width=\"50%\">Info<\/th>\n<\/tr>\n<tr>\n<td><a name=\"Victini\"><center><img decoding=\"async\" src=\"http:\/\/www.thepikaclub.co.uk\/dex\/images\/pokemon\/pokemon\/Victini.png\"><br \/>\nVictini<\/center><\/a><\/td>\n<td><center>Liberty Island<\/center><\/td>\n<td><center>Victini can only be caught after obtaining the Liberty Pass over WiFi. After this, go to Castelia City and hop on one of the boats. You will be taken to Liberty Island which has been occupied by Team Plasma. Beat them to reach Victini.<\/center><\/td>\n<\/tr>\n<\/tbody>\n<\/table>\n<table border=\"0\" width=\"100%\" height=\"100%\">\n<tbody>\n<tr>\n<th colspan=\"3\"><b>#643 &amp; #644 <img decoding=\"async\" src=\"http:\/\/www.thepikaclub.co.uk\/dex\/images\/pokemon\/icon\/Reshiram.gif\"><img decoding=\"async\" src=\"http:\/\/www.thepikaclub.co.uk\/dex\/images\/pokemon\/icon\/Zekrom.gif\"> Reshiram &amp; Zekrom<\/b><\/th>\n<\/tr>\n<tr>\n<th width=\"25%\">Name<\/th>\n<th width=\"25%\">Location<\/th>\n<th width=\"50%\">Info<\/th>\n<\/tr>\n<tr>\n<td><a name=\"ReshZek\"><center><img decoding=\"async\" src=\"http:\/\/www.thepikaclub.co.uk\/dex\/images\/pokemon\/pokemon\/Reshiram.png\"><br \/>\nReshiram &amp; Zekrom<\/center><\/a><\/td>\n<td><center>Dragonspiral Tower<\/center><\/td>\n<td><center>You must have beaten the Elite Four to capture these. Which Pok\u00e9mon you get depends on which version of the game you are playing.<\/center><\/td>\n<\/tr>\n<\/tbody>\n<\/table>\n<table border=\"0\" width=\"100%\" height=\"100%\">\n<tbody>\n<tr>\n<th colspan=\"3\"><b>#638 <img decoding=\"async\" src=\"http:\/\/www.thepikaclub.co.uk\/dex\/images\/pokemon\/icon\/Cobalion.gif\"> Cobalion<\/b><\/th>\n<\/tr>\n<tr>\n<th width=\"25%\">Name<\/th>\n<th width=\"25%\">Location<\/th>\n<th width=\"50%\">Info<\/th>\n<\/tr>\n<tr>\n<td><a name=\"Cobalion\"><center><img decoding=\"async\" src=\"http:\/\/www.thepikaclub.co.uk\/dex\/images\/pokemon\/pokemon\/Cobalion.png\"><br \/>\nCobalion<\/center><\/a><\/td>\n<td><center>Mistralton Cave<\/center><\/td>\n<td><center>You need Surf to reach this Pok\u00e9mon. Head off of Route 6 to Mistralton Cave and you will find a man who will tell you that Cobalion is hidden deep inside.<\/center><\/td>\n<\/tr>\n<\/tbody>\n<\/table>\n<table border=\"0\" width=\"100%\" height=\"100%\">\n<tbody>\n<tr>\n<th colspan=\"3\"><b>#639 <img decoding=\"async\" src=\"http:\/\/www.thepikaclub.co.uk\/dex\/images\/pokemon\/icon\/Terrakion.gif\"> Terrakion<\/b><\/th>\n<\/tr>\n<tr>\n<th width=\"25%\">Name<\/th>\n<th width=\"25%\">Location<\/th>\n<th width=\"50%\">Info<\/th>\n<\/tr>\n<tr>\n<td><a name=\"Terrakion\"><center><img decoding=\"async\" src=\"http:\/\/www.thepikaclub.co.uk\/dex\/images\/pokemon\/pokemon\/Terrakion.png\"><br \/>\nTerrakion<\/center><\/a><\/td>\n<td><center>Victory Road<\/center><\/td>\n<td><center>You need Strength to reach this Pok\u00e9mon. Terrakion is available within a cave in Victory Road.<\/center><\/td>\n<\/tr>\n<\/tbody>\n<\/table>\n<table border=\"0\" width=\"100%\" height=\"100%\">\n<tbody>\n<tr>\n<th colspan=\"3\"><b>#640 <img decoding=\"async\" src=\"http:\/\/www.thepikaclub.co.uk\/dex\/images\/pokemon\/icon\/Virizion.gif\"> Virizion<\/b><\/th>\n<\/tr>\n<tr>\n<th width=\"25%\">Name<\/th>\n<th width=\"25%\">Location<\/th>\n<th width=\"50%\">Info<\/th>\n<\/tr>\n<tr>\n<td><a name=\"Virizion\"><center><img decoding=\"async\" src=\"http:\/\/www.thepikaclub.co.uk\/dex\/images\/pokemon\/pokemon\/Virizion.png\"><br \/>\nVirizion<\/center><\/a><\/td>\n<td><center>Pinwheel Forest<\/center><\/td>\n<td><center>You need to have captured Cobalion to find this Pok\u00e9mon. After you have captured Cobalion a new route will open up for you in the east side of the forest which is where you will find Virizion.<\/center><\/td>\n<\/tr>\n<\/tbody>\n<\/table>\n<table border=\"0\" width=\"100%\" height=\"100%\">\n<tbody>\n<tr>\n<th colspan=\"3\"><b>#645 <img decoding=\"async\" src=\"http:\/\/www.thepikaclub.co.uk\/dex\/images\/pokemon\/icon\/Landorus.gif\"> Landorus<\/b><\/th>\n<\/tr>\n<tr>\n<th width=\"25%\">Name<\/th>\n<th width=\"25%\">Location<\/th>\n<th width=\"50%\">Info<\/th>\n<\/tr>\n<tr>\n<td><a name=\"Landorus\"><center><img decoding=\"async\" src=\"http:\/\/www.thepikaclub.co.uk\/dex\/images\/pokemon\/pokemon\/Landorus.png\"><br \/>\nLandorus<\/center><\/a><\/td>\n<td><center>Abundant Shrine<\/center><\/td>\n<td><center>You need to have captured both Tornadus and Thundurus and bring them with you to the shrine in Abundant Shrine to unlock this Pok\u00e9mon.<\/center><\/td>\n<\/tr>\n<\/tbody>\n<\/table>\n<table border=\"0\" width=\"100%\" height=\"100%\">\n<tbody>\n<tr>\n<th colspan=\"3\"><b>#646 <img decoding=\"async\" src=\"http:\/\/www.thepikaclub.co.uk\/dex\/images\/pokemon\/icon\/Kyurem.gif\"> Kyurem<\/b><\/th>\n<\/tr>\n<tr>\n<th width=\"25%\">Name<\/th>\n<th width=\"25%\">Location<\/th>\n<th width=\"50%\">Info<\/th>\n<\/tr>\n<tr>\n<td><a name=\"Kyurem\"><center><img decoding=\"async\" src=\"http:\/\/www.thepikaclub.co.uk\/dex\/images\/pokemon\/pokemon\/Kyurem.png\"><br \/>\nKyurem<\/center><\/a><\/td>\n<td><center>Giant Chasm<\/center><\/td>\n<td><center>Giant Chasm is located north of Route 13 and within the cave lies Kyurem.<\/center><\/td>\n<\/tr>\n<\/tbody>\n<\/table>\n<table border=\"0\" width=\"100%\" height=\"100%\">\n<tbody>\n<tr>\n<th colspan=\"3\"><b>#641 <img decoding=\"async\" src=\"http:\/\/www.thepikaclub.co.uk\/dex\/images\/pokemon\/icon\/Tornadus.gif\"> Tornadus<\/b><\/th>\n<\/tr>\n<tr>\n<th width=\"25%\">Name<\/th>\n<th width=\"25%\">Location<\/th>\n<th width=\"50%\">Info<\/th>\n<\/tr>\n<tr>\n<td><a name=\"Tornadus\"><center><img decoding=\"async\" src=\"http:\/\/www.thepikaclub.co.uk\/dex\/images\/pokemon\/pokemon\/Tornadus.png\"><br \/>\nTornadus<\/center><\/a><\/td>\n<td><center>Roaming Black<\/center><\/td>\n<td><center>After obtaining all 8 badges head to Route 10. You will be told of some weird disturbances on Route 7. Head in and back out of the second house to activate the roaming Pok\u00e9mon. It will be available in the southern routes in the morning and northern routes in the evening.<\/center><\/td>\n<\/tr>\n<\/tbody>\n<\/table>\n<table border=\"0\" width=\"100%\" height=\"100%\">\n<tbody>\n<tr>\n<th colspan=\"3\"><b>#642 <img decoding=\"async\" src=\"http:\/\/www.thepikaclub.co.uk\/dex\/images\/pokemon\/icon\/Thundurus.gif\"> Thundurus<\/b><\/th>\n<\/tr>\n<tr>\n<th width=\"25%\">Name<\/th>\n<th width=\"25%\">Location<\/th>\n<th width=\"50%\">Info<\/th>\n<\/tr>\n<tr>\n<td><a name=\"Thundurus\"><center><img decoding=\"async\" src=\"http:\/\/www.thepikaclub.co.uk\/dex\/images\/pokemon\/pokemon\/Thundurus.png\"><br \/>\nThundurus<\/center><\/a><\/td>\n<td><center>Roaming White<\/center><\/td>\n<td><center>After obtaining all 8 badges head to Route 10. You will be told of some weird disturbances on Route 7. Head in and back out of the second house to activate the roaming Pok\u00e9mon. It will be available in the southern routes in the morning and northern routes in the evening.<\/center><\/td>\n<\/tr>\n<\/tbody>\n<\/table>\n","protected":false},"excerpt":{"rendered":"<p>This list contains all the legendary Pok\u00e9mon available for capture in Pok\u00e9mon Black\/White. Legendary Pok\u00e9mon that are currently unavailable for capture are not listed here. Click on a Pok\u00e9mon above to be taken to more information about it or scroll down below. Two Pok\u00e9mon are not included on the map above as they are roaming [&hellip;]<\/p>\n","protected":false},"author":5,"featured_media":0,"parent":813,"menu_order":0,"comment_status":"closed","ping_status":"open","template":"","meta":{"ngg_post_thumbnail":0,"footnotes":""},"class_list":["post-1419","page","type-page","status-publish","hentry"],"_links":{"self":[{"href":"http:\/\/thepikaclub.co.uk\/wp\/wp-json\/wp\/v2\/pages\/1419","targetHints":{"allow":["GET"]}}],"collection":[{"href":"http:\/\/thepikaclub.co.uk\/wp\/wp-json\/wp\/v2\/pages"}],"about":[{"href":"http:\/\/thepikaclub.co.uk\/wp\/wp-json\/wp\/v2\/types\/page"}],"author":[{"embeddable":true,"href":"http:\/\/thepikaclub.co.uk\/wp\/wp-json\/wp\/v2\/users\/5"}],"replies":[{"embeddable":true,"href":"http:\/\/thepikaclub.co.uk\/wp\/wp-json\/wp\/v2\/comments?post=1419"}],"version-history":[{"count":14,"href":"http:\/\/thepikaclub.co.uk\/wp\/wp-json\/wp\/v2\/pages\/1419\/revisions"}],"predecessor-version":[{"id":4494,"href":"http:\/\/thepikaclub.co.uk\/wp\/wp-json\/wp\/v2\/pages\/1419\/revisions\/4494"}],"up":[{"embeddable":true,"href":"http:\/\/thepikaclub.co.uk\/wp\/wp-json\/wp\/v2\/pages\/813"}],"wp:attachment":[{"href":"http:\/\/thepikaclub.co.uk\/wp\/wp-json\/wp\/v2\/media?parent=1419"}],"curies":[{"name":"wp","href":"https:\/\/api.w.org\/{rel}","templated":true}]}}